{"id":1663,"date":"2020-10-02T11:09:33","date_gmt":"2020-10-02T08:09:33","guid":{"rendered":"http:\/\/94.199.200.130\/~kaynarcom\/?page_id=1663"},"modified":"2020-10-02T11:09:33","modified_gmt":"2020-10-02T08:09:33","slug":"mesafeli-sozlesmeler-yonetmeligi","status":"publish","type":"page","link":"http:\/\/www.kaynar.com.tr\/?page_id=1663","title":{"rendered":"MESAFEL\u0130 S\u00d6ZLE\u015eMELER Y\u00d6NETMEL\u0130\u011e\u0130"},"content":{"rendered":"","protected":false},"excerpt":{"rendered":"","protected":false},"author":1,"featured_media":0,"parent":0,"menu_order":0,"comment_status":"closed","ping_status":"closed","template":"","meta":{"footnotes":""},"class_list":["post-1663","page","type-page","status-publish","hentry"],"_links":{"self":[{"href":"http:\/\/www.kaynar.com.tr\/index.php?rest_route=\/wp\/v2\/pages\/1663"}],"collection":[{"href":"http:\/\/www.kaynar.com.tr\/index.php?rest_route=\/wp\/v2\/pages"}],"about":[{"href":"http:\/\/www.kaynar.com.tr\/index.php?rest_route=\/wp\/v2\/types\/page"}],"author":[{"embeddable":true,"href":"http:\/\/www.kaynar.com.tr\/index.php?rest_route=\/wp\/v2\/users\/1"}],"replies":[{"embeddable":true,"href":"http:\/\/www.kaynar.com.tr\/index.php?rest_route=%2Fwp%2Fv2%2Fcomments&post=1663"}],"version-history":[{"count":1,"href":"http:\/\/www.kaynar.com.tr\/index.php?rest_route=\/wp\/v2\/pages\/1663\/revisions"}],"predecessor-version":[{"id":1665,"href":"http:\/\/www.kaynar.com.tr\/index.php?rest_route=\/wp\/v2\/pages\/1663\/revisions\/1665"}],"wp:attachment":[{"href":"http:\/\/www.kaynar.com.tr\/index.php?rest_route=%2Fwp%2Fv2%2Fmedia&parent=1663"}],"curies":[{"name":"wp","href":"https:\/\/api.w.org\/{rel}","templated":true}]}}